{"id":68,"date":"2020-12-12T19:36:35","date_gmt":"2020-12-12T18:36:35","guid":{"rendered":"http:\/\/pispagirilux.local\/?page_id=68"},"modified":"2020-12-22T00:09:22","modified_gmt":"2020-12-21T23:09:22","slug":"proprieta-curative-delle-spezie","status":"publish","type":"page","link":"https:\/\/www.spagirilux.it\/index.php\/proprieta-curative-delle-spezie\/","title":{"rendered":"Propriet\u00e0 curative delle spezie"},"content":{"rendered":"\n<p class=\"has-drop-cap\">\u00c8 disponibile l&#8217;esclusiva brochure&nbsp;<em><strong>Propriet\u00e0 curative delle spezie<\/strong><\/em>, una raccolta di informazioni uniche e rare del&nbsp;mondo delle spezie.<\/p>\n\n\n\n<div style=\"height:15px\" aria-hidden=\"true\" class=\"wp-block-spacer\"><\/div>\n\n\n\n<div class=\"wp-block-media-text alignwide has-media-on-the-right is-stacked-on-mobile\"><figure class=\"wp-block-media-text__media\"><img loading=\"lazy\" decoding=\"async\" width=\"248\" height=\"248\" src=\"https:\/\/i0.wp.com\/pispagirilux.local\/wp-content\/uploads\/2020\/12\/ProprietaCurativeDelleSpezie01-2.jpg?resize=248%2C248\" alt=\"\" class=\"wp-image-90 size-full\" srcset=\"https:\/\/i0.wp.com\/www.spagirilux.it\/wp-content\/uploads\/2020\/12\/ProprietaCurativeDelleSpezie01-2.jpg?w=248&amp;ssl=1 248w, https:\/\/i0.wp.com\/www.spagirilux.it\/wp-content\/uploads\/2020\/12\/ProprietaCurativeDelleSpezie01-2.jpg?resize=150%2C150&amp;ssl=1 150w\" sizes=\"(max-width: 248px) 100vw, 248px\" data-recalc-dims=\"1\" \/><\/figure><div class=\"wp-block-media-text__content\">\n<ul class=\"wp-block-list\" id=\"block-512f4fa2-b489-47d5-a3ea-f56a60a41155\"><li>Indicazioni virt\u00f9<\/li><li>Parti utili<\/li><li>Preparazioni<\/li><li>Mente e corpo<\/li><li>Stati fisici<\/li><li>Pianeti<\/li><\/ul>\n\n\n\n<p>\u00c9 possibile dire che per ogni disturbo fisico o mentale esiste un rimedio a base di erbe: Bisogna per\u00f2 conoscerle per usare la parte esatta, la giusta quantit\u00e0 e la preparazione ottimale.<\/p>\n<\/div><\/div>\n\n\n\n<div class=\"wp-block-columns is-layout-flex wp-container-core-columns-is-layout-1 wp-block-columns-is-layout-flex\">\n<div class=\"wp-block-column is-layout-flow wp-block-column-is-layout-flow\" style=\"flex-basis:100%\"><\/div>\n<\/div>\n\n\n\n<blockquote class=\"wp-block-quote is-layout-flow wp-block-quote-is-layout-flow\"><p><span style=\"color:#621107\" class=\"has-inline-color\">Madre Natura, se noi lo permettiamo, sa prendersi interamente<\/span> <span style=\"color:#621107\" class=\"has-inline-color\">cura di noi.<\/span><\/p><\/blockquote>\n\n\n\n<p class=\"has-drop-cap\">Normalmente teniamo in casa per aromatizzare i nostri piatti, molte spezie che&nbsp;potenzialmente potrebbero aiutarci a migliorare l\u2019equilibrio della nostra salute (psico-fisica) olistica.<\/p>\n\n\n\n<p>Da queste considerazioni nasce questo piccolo opuscolo.<\/p>\n\n\n\n<p class=\"has-small-font-size\">disponibile a 10,00\u20ac + 3,5\u20ac x spese di spedizione.<\/p>\n\n\n\n<div class=\"wp-block-group is-layout-flow wp-block-group-is-layout-flow\"><div class=\"wp-block-group__inner-container\"><\/div><\/div>\n\n\n\n<div class=\"wp_cart_button_wrapper\"><form method=\"post\" class=\"wp-cart-button-form\" action=\"\" style=\"display:inline\" onsubmit=\"return ReadForm(this, true);\" ><input type=\"hidden\" id=\"_wpnonce\" name=\"_wpnonce\" value=\"b26c711de9\" \/><input type=\"hidden\" name=\"_wp_http_referer\" value=\"\/index.php\/wp-json\/wp\/v2\/pages\/68\" \/><input type=\"image\" src=\"https:\/\/www.spagirilux.it\/wp-content\/uploads\/2020\/12\/AggiungiAlCarrello.png\" class=\"wp_cart_button\" alt=\"Aggiungi al Carrello\"\/><input type=\"hidden\" name=\"wspsc_product\" value=\"Propriet\u00e0 curative delle spezie\" \/><input type=\"hidden\" name=\"price\" value=\"13.50\" \/><input type=\"hidden\" name=\"shipping\" value=\"0\" \/><input type=\"hidden\" name=\"addcart\" value=\"1\" \/><input type=\"hidden\" name=\"cartLink\" value=\"https:\/\/www.spagirilux.it\/wp-json\/wp\/v2\/pages\/68\" \/><input type=\"hidden\" name=\"product_tmp\" value=\"Propriet\u00e0 curative delle spezie\" \/><input type=\"hidden\" name=\"product_tmp_two\" value=\"Propriet&agrave; curative delle spezie\" \/><input type=\"hidden\" name=\"item_number\" value=\"\" \/><\/form><\/div>\n\n\n\n<p><\/p>\n","protected":false},"excerpt":{"rendered":"<p>\u00c8 disponibile l&#8217;esclusiva brochure&nbsp;Propriet\u00e0 curative delle spezie, una raccolta di informazioni uniche e rare del&nbsp;mondo delle spezie. Indicazioni virt\u00f9 Parti utili Preparazioni Mente e corpo Stati fisici Pianeti \u00c9 possibile dire che per ogni disturbo fisico o mentale esiste un rimedio a base di erbe: Bisogna per\u00f2 conoscerle per usare la parte esatta, la giusta &hellip; <a href=\"https:\/\/www.spagirilux.it\/index.php\/proprieta-curative-delle-spezie\/\" class=\"more-link\">Continua la lettura di <span class=\"screen-reader-text\">Propriet\u00e0 curative delle spezie<\/span> <span class=\"meta-nav\">&rarr;<\/span><\/a><\/p>\n","protected":false},"author":2,"featured_media":124,"parent":0,"menu_order":200,"comment_status":"closed","ping_status":"closed","template":"","meta":{"jetpack_post_was_ever_published":false,"footnotes":""},"class_list":["post-68","page","type-page","status-publish","has-post-thumbnail","hentry"],"yoast_head":"<!-- This site is optimized with the Yoast SEO plugin v23.2 - https:\/\/yoast.com\/wordpress\/plugins\/seo\/ -->\n<title>Propriet\u00e0 curative delle spezie - spagirilux<\/title>\n<meta name=\"robots\" content=\"index, follow, max-snippet:-1, max-image-preview:large, max-video-preview:-1\" \/>\n<link rel=\"canonical\" href=\"https:\/\/www.spagirilux.it\/index.php\/proprieta-curative-delle-spezie\/\" \/>\n<meta property=\"og:locale\" content=\"it_IT\" \/>\n<meta property=\"og:type\" content=\"article\" \/>\n<meta property=\"og:title\" content=\"Propriet\u00e0 curative delle spezie - spagirilux\" \/>\n<meta property=\"og:description\" content=\"\u00c8 disponibile l&#8217;esclusiva brochure&nbsp;Propriet\u00e0 curative delle spezie, una raccolta di informazioni uniche e rare del&nbsp;mondo delle spezie. Indicazioni virt\u00f9 Parti utili Preparazioni Mente e corpo Stati fisici Pianeti \u00c9 possibile dire che per ogni disturbo fisico o mentale esiste un rimedio a base di erbe: Bisogna per\u00f2 conoscerle per usare la parte esatta, la giusta &hellip; Continua la lettura di Propriet\u00e0 curative delle spezie &rarr;\" \/>\n<meta property=\"og:url\" content=\"https:\/\/www.spagirilux.it\/index.php\/proprieta-curative-delle-spezie\/\" \/>\n<meta property=\"og:site_name\" content=\"spagirilux\" \/>\n<meta property=\"article:modified_time\" content=\"2020-12-21T23:09:22+00:00\" \/>\n<meta property=\"og:image\" content=\"https:\/\/i0.wp.com\/www.spagirilux.it\/wp-content\/uploads\/2020\/12\/spices.jpg?fit=1024%2C348&ssl=1\" \/>\n\t<meta property=\"og:image:width\" content=\"1024\" \/>\n\t<meta property=\"og:image:height\" content=\"348\" \/>\n\t<meta property=\"og:image:type\" content=\"image\/jpeg\" \/>\n<meta name=\"twitter:card\" content=\"summary_large_image\" \/>\n<meta name=\"twitter:label1\" content=\"Tempo di lettura stimato\" \/>\n\t<meta name=\"twitter:data1\" content=\"1 minuto\" \/>\n<script type=\"application\/ld+json\" class=\"yoast-schema-graph\">{\"@context\":\"https:\/\/schema.org\",\"@graph\":[{\"@type\":\"WebPage\",\"@id\":\"https:\/\/www.spagirilux.it\/index.php\/proprieta-curative-delle-spezie\/\",\"url\":\"https:\/\/www.spagirilux.it\/index.php\/proprieta-curative-delle-spezie\/\",\"name\":\"Propriet\u00e0 curative delle spezie - spagirilux\",\"isPartOf\":{\"@id\":\"https:\/\/www.spagirilux.it\/#website\"},\"primaryImageOfPage\":{\"@id\":\"https:\/\/www.spagirilux.it\/index.php\/proprieta-curative-delle-spezie\/#primaryimage\"},\"image\":{\"@id\":\"https:\/\/www.spagirilux.it\/index.php\/proprieta-curative-delle-spezie\/#primaryimage\"},\"thumbnailUrl\":\"https:\/\/i0.wp.com\/www.spagirilux.it\/wp-content\/uploads\/2020\/12\/spices.jpg?fit=1024%2C348&ssl=1\",\"datePublished\":\"2020-12-12T18:36:35+00:00\",\"dateModified\":\"2020-12-21T23:09:22+00:00\",\"breadcrumb\":{\"@id\":\"https:\/\/www.spagirilux.it\/index.php\/proprieta-curative-delle-spezie\/#breadcrumb\"},\"inLanguage\":\"it-IT\",\"potentialAction\":[{\"@type\":\"ReadAction\",\"target\":[\"https:\/\/www.spagirilux.it\/index.php\/proprieta-curative-delle-spezie\/\"]}]},{\"@type\":\"ImageObject\",\"inLanguage\":\"it-IT\",\"@id\":\"https:\/\/www.spagirilux.it\/index.php\/proprieta-curative-delle-spezie\/#primaryimage\",\"url\":\"https:\/\/i0.wp.com\/www.spagirilux.it\/wp-content\/uploads\/2020\/12\/spices.jpg?fit=1024%2C348&ssl=1\",\"contentUrl\":\"https:\/\/i0.wp.com\/www.spagirilux.it\/wp-content\/uploads\/2020\/12\/spices.jpg?fit=1024%2C348&ssl=1\",\"width\":1024,\"height\":348,\"caption\":\"Photo by Shantanu Pal from Pexels\"},{\"@type\":\"BreadcrumbList\",\"@id\":\"https:\/\/www.spagirilux.it\/index.php\/proprieta-curative-delle-spezie\/#breadcrumb\",\"itemListElement\":[{\"@type\":\"ListItem\",\"position\":1,\"name\":\"Home\",\"item\":\"https:\/\/www.spagirilux.it\/\"},{\"@type\":\"ListItem\",\"position\":2,\"name\":\"Propriet\u00e0 curative delle spezie\"}]},{\"@type\":\"WebSite\",\"@id\":\"https:\/\/www.spagirilux.it\/#website\",\"url\":\"https:\/\/www.spagirilux.it\/\",\"name\":\"spagirilux\",\"description\":\"La spagiria e le Erbe\",\"potentialAction\":[{\"@type\":\"SearchAction\",\"target\":{\"@type\":\"EntryPoint\",\"urlTemplate\":\"https:\/\/www.spagirilux.it\/?s={search_term_string}\"},\"query-input\":\"required name=search_term_string\"}],\"inLanguage\":\"it-IT\"}]}<\/script>\n<!-- \/ Yoast SEO plugin. -->","yoast_head_json":{"title":"Propriet\u00e0 curative delle spezie - spagirilux","robots":{"index":"index","follow":"follow","max-snippet":"max-snippet:-1","max-image-preview":"max-image-preview:large","max-video-preview":"max-video-preview:-1"},"canonical":"https:\/\/www.spagirilux.it\/index.php\/proprieta-curative-delle-spezie\/","og_locale":"it_IT","og_type":"article","og_title":"Propriet\u00e0 curative delle spezie - spagirilux","og_description":"\u00c8 disponibile l&#8217;esclusiva brochure&nbsp;Propriet\u00e0 curative delle spezie, una raccolta di informazioni uniche e rare del&nbsp;mondo delle spezie. Indicazioni virt\u00f9 Parti utili Preparazioni Mente e corpo Stati fisici Pianeti \u00c9 possibile dire che per ogni disturbo fisico o mentale esiste un rimedio a base di erbe: Bisogna per\u00f2 conoscerle per usare la parte esatta, la giusta &hellip; Continua la lettura di Propriet\u00e0 curative delle spezie &rarr;","og_url":"https:\/\/www.spagirilux.it\/index.php\/proprieta-curative-delle-spezie\/","og_site_name":"spagirilux","article_modified_time":"2020-12-21T23:09:22+00:00","og_image":[{"width":1024,"height":348,"url":"https:\/\/i0.wp.com\/www.spagirilux.it\/wp-content\/uploads\/2020\/12\/spices.jpg?fit=1024%2C348&ssl=1","type":"image\/jpeg"}],"twitter_card":"summary_large_image","twitter_misc":{"Tempo di lettura stimato":"1 minuto"},"schema":{"@context":"https:\/\/schema.org","@graph":[{"@type":"WebPage","@id":"https:\/\/www.spagirilux.it\/index.php\/proprieta-curative-delle-spezie\/","url":"https:\/\/www.spagirilux.it\/index.php\/proprieta-curative-delle-spezie\/","name":"Propriet\u00e0 curative delle spezie - spagirilux","isPartOf":{"@id":"https:\/\/www.spagirilux.it\/#website"},"primaryImageOfPage":{"@id":"https:\/\/www.spagirilux.it\/index.php\/proprieta-curative-delle-spezie\/#primaryimage"},"image":{"@id":"https:\/\/www.spagirilux.it\/index.php\/proprieta-curative-delle-spezie\/#primaryimage"},"thumbnailUrl":"https:\/\/i0.wp.com\/www.spagirilux.it\/wp-content\/uploads\/2020\/12\/spices.jpg?fit=1024%2C348&ssl=1","datePublished":"2020-12-12T18:36:35+00:00","dateModified":"2020-12-21T23:09:22+00:00","breadcrumb":{"@id":"https:\/\/www.spagirilux.it\/index.php\/proprieta-curative-delle-spezie\/#breadcrumb"},"inLanguage":"it-IT","potentialAction":[{"@type":"ReadAction","target":["https:\/\/www.spagirilux.it\/index.php\/proprieta-curative-delle-spezie\/"]}]},{"@type":"ImageObject","inLanguage":"it-IT","@id":"https:\/\/www.spagirilux.it\/index.php\/proprieta-curative-delle-spezie\/#primaryimage","url":"https:\/\/i0.wp.com\/www.spagirilux.it\/wp-content\/uploads\/2020\/12\/spices.jpg?fit=1024%2C348&ssl=1","contentUrl":"https:\/\/i0.wp.com\/www.spagirilux.it\/wp-content\/uploads\/2020\/12\/spices.jpg?fit=1024%2C348&ssl=1","width":1024,"height":348,"caption":"Photo by Shantanu Pal from Pexels"},{"@type":"BreadcrumbList","@id":"https:\/\/www.spagirilux.it\/index.php\/proprieta-curative-delle-spezie\/#breadcrumb","itemListElement":[{"@type":"ListItem","position":1,"name":"Home","item":"https:\/\/www.spagirilux.it\/"},{"@type":"ListItem","position":2,"name":"Propriet\u00e0 curative delle spezie"}]},{"@type":"WebSite","@id":"https:\/\/www.spagirilux.it\/#website","url":"https:\/\/www.spagirilux.it\/","name":"spagirilux","description":"La spagiria e le Erbe","potentialAction":[{"@type":"SearchAction","target":{"@type":"EntryPoint","urlTemplate":"https:\/\/www.spagirilux.it\/?s={search_term_string}"},"query-input":"required name=search_term_string"}],"inLanguage":"it-IT"}]}},"jetpack_sharing_enabled":true,"jetpack_likes_enabled":true,"_links":{"self":[{"href":"https:\/\/www.spagirilux.it\/index.php\/wp-json\/wp\/v2\/pages\/68"}],"collection":[{"href":"https:\/\/www.spagirilux.it\/index.php\/wp-json\/wp\/v2\/pages"}],"about":[{"href":"https:\/\/www.spagirilux.it\/index.php\/wp-json\/wp\/v2\/types\/page"}],"author":[{"embeddable":true,"href":"https:\/\/www.spagirilux.it\/index.php\/wp-json\/wp\/v2\/users\/2"}],"replies":[{"embeddable":true,"href":"https:\/\/www.spagirilux.it\/index.php\/wp-json\/wp\/v2\/comments?post=68"}],"version-history":[{"count":26,"href":"https:\/\/www.spagirilux.it\/index.php\/wp-json\/wp\/v2\/pages\/68\/revisions"}],"predecessor-version":[{"id":499,"href":"https:\/\/www.spagirilux.it\/index.php\/wp-json\/wp\/v2\/pages\/68\/revisions\/499"}],"wp:featuredmedia":[{"embeddable":true,"href":"https:\/\/www.spagirilux.it\/index.php\/wp-json\/wp\/v2\/media\/124"}],"wp:attachment":[{"href":"https:\/\/www.spagirilux.it\/index.php\/wp-json\/wp\/v2\/media?parent=68"}],"curies":[{"name":"wp","href":"https:\/\/api.w.org\/{rel}","templated":true}]}}